{"id":30,"date":"2021-05-14T17:18:19","date_gmt":"2021-05-14T17:18:19","guid":{"rendered":"https:\/\/dzial-sprzedazy.pl\/index.php\/strona-glowna\/"},"modified":"2021-05-14T17:23:21","modified_gmt":"2021-05-14T17:23:21","slug":"strona-glowna","status":"publish","type":"page","link":"https:\/\/dzial-sprzedazy.pl\/","title":{"rendered":"Dzia\u0142 Sprzeda\u017cy &#8211; Rekrutacja"},"content":{"rendered":"\n    \n    <section class=\"u-align-center u-clearfix u-gradient u-section-2\" id=\"sec-2c34\">\n      <div class=\"u-clearfix u-sheet u-sheet-1\">\n        <div class=\"u-align-left u-container-style u-expanded-width u-group u-shape-rectangle u-group-1\">\n          <div class=\"u-container-layout u-valign-middle u-container-layout-1\">\n            <h2 class=\"u-text u-text-palette-4-base u-text-1\">Dzia\u0142 Sprzeda\u017cy Inwestycji Deweloperskich - REKRUTACJA<\/h2>\n          <\/div>\n        <\/div>\n      <\/div>\n    <\/section>\n    <section class=\"u-clearfix u-valign-middle-sm u-section-3\" id=\"sec-da7f\">\n      <img src=\"http:\/\/dzial-sprzedazy.pl\/wp-content\/uploads\/2021\/05\/ggg-min.jpg\" alt=\"\" class=\"u-image u-image-default u-image-1\" data-image-width=\"1200\" data-image-height=\"800\">\n      <div class=\"u-align-left u-container-style u-group u-palette-3-base u-shape-rectangle u-group-1\">\n        <div class=\"u-container-layout u-container-layout-1\">\n          <h5 class=\"u-text u-text-1\">Do\u0142\u0105cz do NAS:<\/h5>\n          <h2 class=\"u-text u-text-2\">Dzia\u0142 Sprzeda\u017cy Inwestycji Deweloperskich<br>o\/Krak\u00f3w \n          <\/h2>\n        <\/div>\n      <\/div>\n    <\/section>\n    <section class=\"u-clearfix u-section-4\" id=\"carousel_d78f\">\n      <div class=\"u-clearfix u-sheet u-sheet-1\">\n        <div class=\"u-clearfix u-expanded-width-md u-expanded-width-sm u-expanded-width-xs u-layout-wrap u-layout-wrap-1\">\n          <div class=\"u-layout\">\n            <div class=\"u-layout-row\">\n              <div class=\"u-container-style u-layout-cell u-size-30 u-layout-cell-1\">\n                <div class=\"u-container-layout u-container-layout-1\">\n                  <h3 class=\"u-text u-text-palette-4-base u-text-1\">Tw\u00f3j zakres obowi\u0105zk\u00f3w<\/h3>\n                  <p class=\"u-custom-font u-heading-font u-text u-text-2\">Podstawowy zakres obowi\u0105zk\u00f3w<\/p><span class=\"u-icon u-icon-circle u-text-palette-3-base u-icon-1\"><svg class=\"u-svg-link\" preserveAspectRatio=\"xMidYMin slice\" viewBox=\"0 0 512 512\" style=\"\"><use xmlns:xlink=\"http:\/\/www.w3.org\/1999\/xlink\" xlink:href=\"#svg-7706\"><\/use><\/svg><svg xmlns=\"http:\/\/www.w3.org\/2000\/svg\" xmlns:xlink=\"http:\/\/www.w3.org\/1999\/xlink\" version=\"1.1\" xml:space=\"preserve\" class=\"u-svg-content\" viewBox=\"0 0 512 512\" x=\"0px\" y=\"0px\" id=\"svg-7706\" style=\"enable-background:new 0 0 512 512;\"><g><g><path d=\"M506.134,241.843c-0.006-0.006-0.011-0.013-0.018-0.019l-104.504-104c-7.829-7.791-20.492-7.762-28.285,0.068    c-7.792,7.829-7.762,20.492,0.067,28.284L443.558,236H20c-11.046,0-20,8.954-20,20c0,11.046,8.954,20,20,20h423.557    l-70.162,69.824c-7.829,7.792-7.859,20.455-0.067,28.284c7.793,7.831,20.457,7.858,28.285,0.068l104.504-104    c0.006-0.006,0.011-0.013,0.018-0.019C513.968,262.339,513.943,249.635,506.134,241.843z\"><\/path>\n<\/g>\n<\/g><\/svg><\/span>\n                <\/div>\n              <\/div>\n              <div class=\"u-container-style u-layout-cell u-size-30 u-layout-cell-2\">\n                <div class=\"u-container-layout u-container-layout-2\">\n                  <img src=\"http:\/\/dzial-sprzedazy.pl\/wp-content\/uploads\/2021\/05\/hyfg-min.jpg\" alt=\"\" class=\"u-expanded-width u-image u-image-default u-image-1\">\n                <\/div>\n              <\/div>\n            <\/div>\n          <\/div>\n        <\/div>\n        <div class=\"u-expanded-width-md u-expanded-width-sm u-expanded-width-xs u-list u-list-1\">\n          <div class=\"u-repeater u-repeater-1\">\n            <div class=\"u-align-center u-container-style u-custom-background u-grey-5 u-list-item u-repeater-item u-shape-rectangle u-list-item-1\">\n              <div class=\"u-container-layout u-similar-container u-valign-middle u-container-layout-3\">\n                <p class=\"u-align-center u-text u-text-palette-4-dark-2 u-text-3\">Kompleksowa obs\u0142uga klient\u00f3w w biurze sprzeda\u017cy oraz na terenie inwestycji.<\/p>\n              <\/div>\n            <\/div>\n            <div class=\"u-align-center u-container-style u-list-item u-repeater-item u-shape-rectangle\">\n              <div class=\"u-container-layout u-similar-container u-valign-middle u-container-layout-4\">\n                <p class=\"u-align-center u-text u-text-palette-4-dark-2 u-text-4\">Reprezentowanie Dewelopera przy zawieraniu um\u00f3w deweloperskich i sprzeda\u017cy.<\/p>\n              <\/div>\n            <\/div>\n            <div class=\"u-align-center u-container-style u-list-item u-repeater-item u-shape-rectangle\">\n              <div class=\"u-container-layout u-similar-container u-valign-middle u-container-layout-5\">\n                <p class=\"u-align-center u-text u-text-palette-4-dark-2 u-text-5\">Wsp\u00f3\u0142praca z dzia\u0142em marketingu.<\/p>\n              <\/div>\n            <\/div>\n            <div class=\"u-align-center u-container-style u-custom-background u-list-item u-palette-4-light-2 u-repeater-item u-shape-rectangle u-list-item-4\">\n              <div class=\"u-container-layout u-similar-container u-valign-middle u-container-layout-6\">\n                <p class=\"u-align-center u-text u-text-palette-4-dark-2 u-text-6\">Negocjacje warunk\u00f3w sprzeda\u017cy.<\/p>\n              <\/div>\n            <\/div>\n            <div class=\"u-align-center u-container-style u-custom-background u-grey-5 u-list-item u-repeater-item u-shape-rectangle u-list-item-5\">\n              <div class=\"u-container-layout u-similar-container u-valign-middle u-container-layout-7\">\n                <p class=\"u-align-center u-text u-text-palette-4-dark-2 u-text-7\">Realizacja cel\u00f3w sprzeda\u017cowych.&nbsp;<\/p>\n              <\/div>\n            <\/div>\n            <div class=\"u-align-center u-container-style u-list-item u-repeater-item u-shape-rectangle\">\n              <div class=\"u-container-layout u-similar-container u-valign-middle u-container-layout-8\">\n                <p class=\"u-align-center u-text u-text-palette-4-dark-2 u-text-8\">Obs\u0142uga posprzeda\u017cowa.<\/p>\n              <\/div>\n            <\/div>\n            <div class=\"u-align-center u-container-style u-list-item u-repeater-item u-shape-rectangle\">\n              <div class=\"u-container-layout u-similar-container u-valign-middle u-container-layout-9\">\n                <p class=\"u-align-center u-text u-text-palette-4-dark-2 u-text-9\">Udzia\u0142 w targach mieszkaniowych i innych imprezach bran\u017cowych.<\/p>\n              <\/div>\n            <\/div>\n            <div class=\"u-align-center u-container-style u-custom-background u-list-item u-palette-4-light-2 u-repeater-item u-shape-rectangle u-list-item-8\">\n              <div class=\"u-container-layout u-similar-container u-valign-middle u-container-layout-10\">\n                <p class=\"u-align-center u-text u-text-palette-4-dark-2 u-text-10\">Raportowanie sprzeda\u017cy, analiza konkurencji.<\/p>\n              <\/div>\n            <\/div>\n          <\/div>\n        <\/div>\n      <\/div>\n    <\/section>\n    <section class=\"u-clearfix u-valign-middle-lg u-section-5\" id=\"sec-bf48\">\n      <div class=\"u-palette-4-base u-shape u-shape-rectangle u-shape-1\"><\/div>\n      <div class=\"u-palette-4-base u-shape u-shape-rectangle u-shape-2\"><\/div>\n      <img src=\"http:\/\/dzial-sprzedazy.pl\/wp-content\/uploads\/2021\/05\/df-min.jpg\" alt=\"\" class=\"u-image u-image-default u-image-1\" data-image-width=\"1600\" data-image-height=\"1067\">\n      <div class=\"u-align-center u-container-style u-group u-palette-3-base u-shape-rectangle u-group-1\">\n        <div class=\"u-container-layout u-valign-middle u-container-layout-1\">\n          <h2 class=\"u-align-center u-text u-text-1\">Do\u0142\u0105cz do naszego Zespo\u0142u<\/h2>\n        <\/div>\n      <\/div>\n      <div class=\"u-container-style u-group u-group-2\">\n        <div class=\"u-container-layout u-container-layout-2\">\n          <p class=\"u-text u-text-2\">- mi\u0142a atmosfera<br>- atrakcyjna lokalizacja inwestycji<br>- niezb\u0119dne narz\u0119dzia pracy (telefon, laptop)<br>- praca w rozwijaj\u0105cej si\u0119 firmie&nbsp;<br>- obs\u0142uga sprzeda\u017cy inwestycji realizowanych przez Dewelopera z ugruntowan\u0105 pozycj\u0105 na rynku mieszkaniowym<br>- atrakcyjne wynagrodzenie prowizyjne<br>- mo\u017cliwo\u015b\u0107 rozwoju i awansu zawodowego \n          <\/p>\n        <\/div>\n      <\/div>\n      <div class=\"u-palette-3-base u-shape u-shape-rectangle u-shape-3\"><\/div>\n    <\/section>\n    <section class=\"u-clearfix u-white u-section-6\" id=\"carousel_96a4\">\n      <div class=\"u-clearfix u-layout-wrap u-layout-wrap-1\">\n        <div class=\"u-layout\">\n          <div class=\"u-layout-row\">\n            <div class=\"u-container-style u-layout-cell u-left-cell u-size-28 u-layout-cell-1\">\n              <div class=\"u-container-layout u-valign-top u-container-layout-1\">\n                <h1 class=\"u-text u-text-palette-3-base u-text-1\">Wymagania<span style=\"font-weight: 400;\"><\/span>\n                <\/h1>\n                <div class=\"u-border-6 u-border-palette-3-base u-line u-line-horizontal u-line-1\"><\/div>\n                <div class=\"u-opacity u-opacity-50 u-palette-3-light-2 u-shape u-shape-rectangle u-shape-1\"><\/div>\n              <\/div>\n            <\/div>\n            <div class=\"u-container-style u-layout-cell u-right-cell u-size-32 u-layout-cell-2\">\n              <div class=\"u-container-layout u-container-layout-2\">\n                <p class=\"u-custom-font u-heading-font u-text u-text-black u-text-2\">\n                  <span style=\"font-size: 1.125rem;\">- komunikatywno\u015b\u0107, odpowiedzialno\u015b\u0107, dobra organizacja pracy<br>- umiej\u0119tno\u015b\u0107 pracy w zespole<br>- znajomo\u015b\u0107 j\u0119zyka angielskiego w stopniu komunikatywnym<br>- silna motywacja i zaanga\u017cowanie w wykonywan\u0105 prac\u0119<br>- znajomo\u015b\u0107 przepis\u00f3w ustawy deweloperskiej<br>- znajomo\u015b\u0107 podstawowych technik sprzeda\u017cy<br> - mile widziane o\u015bwiadczenie w bran\u017cy nieruchomo\u015bci \n                  <\/span>\n                  <br>\n                <\/p>\n              <\/div>\n            <\/div>\n          <\/div>\n        <\/div>\n      <\/div>\n    <\/section>\n    <section class=\"u-clearfix u-white u-section-7\" id=\"carousel_ba4e\">\n      <div class=\"u-clearfix u-sheet u-sheet-1\">\n        <div class=\"u-palette-4-base u-shape u-shape-rectangle u-shape-1\"><\/div>\n        <img src=\"http:\/\/dzial-sprzedazy.pl\/wp-content\/uploads\/2021\/05\/gf-min.jpg\" class=\"u-align-left u-image u-image-1\">\n        <div class=\"u-align-left u-container-style u-expanded-width-xs u-group u-palette-3-base u-group-1\">\n          <div class=\"u-container-layout u-valign-bottom u-container-layout-1\">\n            <h1 class=\"u-custom-font u-font-ubuntu u-text u-text-1\">Jeste\u015b zainteresowany ?<\/h1>\n            <p class=\"u-text u-text-custom-color-1 u-text-2\">\n              <span class=\"u-text-white\">Wy\u015blij do nas swoje zg\u0142oszenie zawieraj\u0105ce:<br>\n                <br>- CV<br>-list motywacyjny<br>-informacj\u0119 dotycz\u0105c\u0105 oczekiwanego wynagrodzenia (warto\u015b\u0107 procentowa od uzyskanego poziomu sprzeda\u017cy)<br>-klauzul\u0119 dotycz\u0105c\u0105 zgody na przetwarzanie podanych danych w celach niezb\u0119dnych do przeprowadzenia procesu rekrutacji.<br>\n                <br>Wy\u017cej wymienione dokumenty prosimy przes\u0142a\u0107 na adres: \n              <\/span>\n              <br>\n              <span style=\"font-size: 2.25rem;\">rekrutacja@dzial-sprzedazy.pl<\/span>\n              <br>\n              <span class=\"u-text-white\">Zastrzegamy prawo do kontaktu z wybranymi kandydatami.<\/span>\n            <\/p>\n          <\/div>\n        <\/div>\n      <\/div>\n    <\/section>\n    <section class=\"u-align-left u-clearfix u-gradient u-section-8\" id=\"carousel_8087\">\n      <div class=\"u-clearfix u-sheet u-valign-middle-md u-valign-middle-sm u-sheet-1\"><\/div>\n    <\/section>\n    \n    \n  \n","protected":false},"excerpt":{"rendered":"<p>Dzia\u0142 Sprzeda\u017cy Inwestycji Deweloperskich &#8211; REKRUTACJA Do\u0142\u0105cz do NAS: Dzia\u0142 Sprzeda\u017cy Inwestycji Deweloperskicho\/Krak\u00f3w Tw\u00f3j zakres obowi\u0105zk\u00f3w Podstawowy zakres obowi\u0105zk\u00f3w Kompleksowa obs\u0142uga klient\u00f3w w biurze sprzeda\u017cy oraz na terenie inwestycji. Reprezentowanie Dewelopera przy zawieraniu um\u00f3w deweloperskich i sprzeda\u017cy. Wsp\u00f3\u0142praca z dzia\u0142em marketingu. Negocjacje warunk\u00f3w sprzeda\u017cy. Realizacja cel\u00f3w sprzeda\u017cowych.&nbsp; Obs\u0142uga posprzeda\u017cowa. Udzia\u0142 w targach mieszkaniowych i innych &hellip; <a href=\"https:\/\/dzial-sprzedazy.pl\/\" class=\"more-link\">Continue reading<span class=\"screen-reader-text\"> &#8222;Dzia\u0142 Sprzeda\u017cy &#8211; Rekrutacja&#8221;<\/span><\/a><\/p>\n","protected":false},"author":1,"featured_media":0,"parent":0,"menu_order":4,"comment_status":"closed","ping_status":"closed","template":"","meta":[],"_links":{"self":[{"href":"https:\/\/dzial-sprzedazy.pl\/index.php\/wp-json\/wp\/v2\/pages\/30"}],"collection":[{"href":"https:\/\/dzial-sprzedazy.pl\/index.php\/wp-json\/wp\/v2\/pages"}],"about":[{"href":"https:\/\/dzial-sprzedazy.pl\/index.php\/wp-json\/wp\/v2\/types\/page"}],"author":[{"embeddable":true,"href":"https:\/\/dzial-sprzedazy.pl\/index.php\/wp-json\/wp\/v2\/users\/1"}],"replies":[{"embeddable":true,"href":"https:\/\/dzial-sprzedazy.pl\/index.php\/wp-json\/wp\/v2\/comments?post=30"}],"version-history":[{"count":3,"href":"https:\/\/dzial-sprzedazy.pl\/index.php\/wp-json\/wp\/v2\/pages\/30\/revisions"}],"predecessor-version":[{"id":46,"href":"https:\/\/dzial-sprzedazy.pl\/index.php\/wp-json\/wp\/v2\/pages\/30\/revisions\/46"}],"wp:attachment":[{"href":"https:\/\/dzial-sprzedazy.pl\/index.php\/wp-json\/wp\/v2\/media?parent=30"}],"curies":[{"name":"wp","href":"https:\/\/api.w.org\/{rel}","templated":true}]}}